{"id":121,"date":"2024-07-31T21:36:40","date_gmt":"2024-08-01T03:36:40","guid":{"rendered":"https:\/\/observatorio.plan-roa.org\/?page_id=121"},"modified":"2024-07-31T22:42:52","modified_gmt":"2024-08-01T04:42:52","slug":"embarazo-temprano","status":"publish","type":"page","link":"https:\/\/realidaddelasninas.org\/en\/embarazo-temprano\/","title":{"rendered":"Pregnancy in adolescent girls in the Americas"},"content":{"rendered":"<div data-elementor-type=\"wp-page\" data-elementor-id=\"121\" class=\"elementor elementor-121\" data-elementor-post-type=\"page\">\n\t\t\t\t<div class=\"elementor-element elementor-element-4c8c7e0 e-flex e-con-boxed e-con e-parent\" data-id=\"4c8c7e0\" data-element_type=\"container\" data-e-type=\"container\" data-settings=\"{&quot;background_background&quot;:&quot;classic&quot;}\">\n\t\t\t\t\t<div class=\"e-con-inner\">\n\t\t\t\t\t<\/div>\n\t\t\t\t<\/div>\n\t\t<div class=\"elementor-element elementor-element-9be8b24 e-flex e-con-boxed e-con e-parent\" data-id=\"9be8b24\" data-element_type=\"container\" data-e-type=\"container\">\n\t\t\t\t\t<div class=\"e-con-inner\">\n\t\t\t\t<div class=\"elementor-element elementor-element-de130a1 elementor-widget elementor-widget-spacer\" data-id=\"de130a1\" data-element_type=\"widget\" data-e-type=\"widget\" data-widget_type=\"spacer.default\">\n\t\t\t\t<div class=\"elementor-widget-container\">\n\t\t\t\t\t\t\t<div class=\"elementor-spacer\">\n\t\t\t<div class=\"elementor-spacer-inner\"><\/div>\n\t\t<\/div>\n\t\t\t\t\t\t<\/div>\n\t\t\t\t<\/div>\n\t\t\t\t<div class=\"elementor-element elementor-element-1db63e3 elementor-widget elementor-widget-post-navigation\" data-id=\"1db63e3\" data-element_type=\"widget\" data-e-type=\"widget\" data-widget_type=\"post-navigation.default\">\n\t\t\t\t<div class=\"elementor-widget-container\">\n\t\t\t\t\t\t\t<div class=\"elementor-post-navigation\">\n\t\t\t<div class=\"elementor-post-navigation__prev elementor-post-navigation__link\">\n\t\t\t\t<a href=\"https:\/\/realidaddelasninas.org\/en\/\" rel=\"prev\"><span class=\"post-navigation__arrow-wrapper post-navigation__arrow-prev\"><i class=\"fa fa-angle-double-left\" aria-hidden=\"true\"><\/i><span class=\"elementor-screen-only\">Prev<\/span><\/span><span class=\"elementor-post-navigation__link__prev\"><span class=\"post-navigation__prev--title\">Observatory<\/span><\/span><\/a>\t\t\t<\/div>\n\t\t\t\t\t\t<div class=\"elementor-post-navigation__next elementor-post-navigation__link\">\n\t\t\t\t<a href=\"https:\/\/realidaddelasninas.org\/en\/matrimonios-y-uniones-forzadas\/\" rel=\"next\"><span class=\"elementor-post-navigation__link__next\"><span class=\"post-navigation__next--title\">Forced marriages and unions<\/span><\/span><span class=\"post-navigation__arrow-wrapper post-navigation__arrow-next\"><i class=\"fa fa-angle-double-right\" aria-hidden=\"true\"><\/i><span class=\"elementor-screen-only\">Next<\/span><\/span><\/a>\t\t\t<\/div>\n\t\t<\/div>\n\t\t\t\t\t\t<\/div>\n\t\t\t\t<\/div>\n\t\t\t\t<div class=\"elementor-element elementor-element-cde18c8 elementor-widget elementor-widget-spacer\" data-id=\"cde18c8\" data-element_type=\"widget\" data-e-type=\"widget\" data-widget_type=\"spacer.default\">\n\t\t\t\t<div class=\"elementor-widget-container\">\n\t\t\t\t\t\t\t<div class=\"elementor-spacer\">\n\t\t\t<div class=\"elementor-spacer-inner\"><\/div>\n\t\t<\/div>\n\t\t\t\t\t\t<\/div>\n\t\t\t\t<\/div>\n\t\t\t\t<div class=\"elementor-element elementor-element-44f2ab5 elementor-widget elementor-widget-text-editor\" data-id=\"44f2ab5\" data-element_type=\"widget\" data-e-type=\"widget\" data-widget_type=\"text-editor.default\">\n\t\t\t\t<div class=\"elementor-widget-container\">\n\t\t\t\t\t\t\t\t\t<p>Every year, tens of thousands of girls and adolescents in Latin America and the Caribbean become pregnant against their will or because of other obstacles such as lack of sex education or access to prevention methods and become mothers at an age when they should be playing. Many of them are forced to continue the pregnancy due to restrictive legislation; family, social or state pressures.<\/p><p>In order to understand and provide strong responses to prevent forced pregnancies in girls and adolescent pregnancies, it is important to understand their dimensions:<\/p><p><strong>Forced child pregnancy:<\/strong>\u00a0 It occurs when a girl (under the age of 14) becomes pregnant without seeking or desiring it and is denied, hindered, delayed or obstructed from terminating the pregnancy. Forcing a girl who has not finished growing up to carry a pregnancy to term, become a mother and raise a baby must be considered torture or cruel, inhuman and degrading treatment, as appropriate, under the terms of the Convention against Torture and Other Cruel, Inhuman or Degrading Treatment or Punishment and the International Covenant on Civil and Political Rights.\u00a0<em>(<\/em><em>Child Mothers. Pregnancy and forced child motherhood in Latin America and the Caribbean, CLADEM 2016).<\/em>.<\/p><p><strong>Teenage pregnancy<\/strong>: is the pregnancy that occurs in girls between 15 and 19 years of age. These pregnancies can be caused by different factors, such as lack of access to contraceptive methods, lack of access to comprehensive sexuality education, and many are due to sexual violence.<\/p><p>Forced pregnancy in girls, teenage pregnancy and early motherhood are one of the greatest social, political and economic challenges for the countries of Latin America and the Caribbean. When a girl and\/or adolescent becomes a mother, her sexual and reproductive rights, and her rights to health, education, among others, are violated in the short term. With consequences that affect their development potential in the medium and long term, trapping them in poverty and exclusion.<\/p>\t\t\t\t\t\t\t\t<\/div>\n\t\t\t\t<\/div>\n\t\t\t\t\t<\/div>\n\t\t\t\t<\/div>\n\t\t<div class=\"elementor-element elementor-element-1932919 e-flex e-con-boxed e-con e-parent\" data-id=\"1932919\" data-element_type=\"container\" data-e-type=\"container\">\n\t\t\t\t\t<div class=\"e-con-inner\">\n\t\t\t\t<div class=\"elementor-element elementor-element-7389c0d elementor-widget elementor-widget-heading\" data-id=\"7389c0d\" data-element_type=\"widget\" data-e-type=\"widget\" data-widget_type=\"heading.default\">\n\t\t\t\t<div class=\"elementor-widget-container\">\n\t\t\t\t\t<h2 class=\"elementor-heading-title elementor-size-default\">Data:<\/h2>\t\t\t\t<\/div>\n\t\t\t\t<\/div>\n\t\t\t\t<div class=\"elementor-element elementor-element-d03a6e8 elementor-widget elementor-widget-spacer\" data-id=\"d03a6e8\" data-element_type=\"widget\" data-e-type=\"widget\" data-widget_type=\"spacer.default\">\n\t\t\t\t<div class=\"elementor-widget-container\">\n\t\t\t\t\t\t\t<div class=\"elementor-spacer\">\n\t\t\t<div class=\"elementor-spacer-inner\"><\/div>\n\t\t<\/div>\n\t\t\t\t\t\t<\/div>\n\t\t\t\t<\/div>\n\t\t\t\t<div class=\"elementor-element elementor-element-51415b4 elementor-widget elementor-widget-heading\" data-id=\"51415b4\" data-element_type=\"widget\" data-e-type=\"widget\" data-widget_type=\"heading.default\">\n\t\t\t\t<div class=\"elementor-widget-container\">\n\t\t\t\t\t<h2 class=\"elementor-heading-title elementor-size-default\">BIRTHS IN THE AMERICAS<\/h2>\t\t\t\t<\/div>\n\t\t\t\t<\/div>\n\t\t\t\t<div class=\"elementor-element elementor-element-6f6828c elementor-widget elementor-widget-html\" data-id=\"6f6828c\" data-element_type=\"widget\" data-e-type=\"widget\" data-widget_type=\"html.default\">\n\t\t\t\t<div class=\"elementor-widget-container\">\n\t\t\t\t\t<style>.embed-container { position: relative; padding-bottom: 56.25%; height: 0; overflow: hidden; max-width: 100%; } .embed-container iframe, .embed-container object, .embed-container embed { position: absolute; top: 0; left: 0; width: 100%; height: 100%; }<\/style><div class='embed-container'><iframe src='https:\/\/app.powerbi.com\/view?r=eyJrIjoiMDk2NDNhOTktMzRkMC00MzNjLWIzMWItMTc4MjA5NjcwMThlIiwidCI6Ijk2MzA2ZDU3LTVlYjctNGRjNC1hNWJkLTIyYTBlNWNjMGFhYiIsImMiOjh9' style='border:0'><\/iframe><\/div>\t\t\t\t<\/div>\n\t\t\t\t<\/div>\n\t\t\t\t<div class=\"elementor-element elementor-element-595f21f elementor-widget elementor-widget-heading\" data-id=\"595f21f\" data-element_type=\"widget\" data-e-type=\"widget\" data-widget_type=\"heading.default\">\n\t\t\t\t<div class=\"elementor-widget-container\">\n\t\t\t\t\t<h2 class=\"elementor-heading-title elementor-size-default\">PREGNANCY IN GIRLS AND ADOLESCENTS IN THE AMERICAS<\/h2>\t\t\t\t<\/div>\n\t\t\t\t<\/div>\n\t\t\t\t<div class=\"elementor-element elementor-element-9b27492 elementor-widget elementor-widget-html\" data-id=\"9b27492\" data-element_type=\"widget\" data-e-type=\"widget\" data-no-translation=\"\" data-widget_type=\"html.default\">\n\t\t\t\t<div class=\"elementor-widget-container\">\n\t\t\t\t\t<style>.elementor-element-9b27492{display:none !important}<\/style>\t\t\t\t<\/div>\n\t\t\t\t<\/div>\n\t\t\t\t<div class=\"elementor-element elementor-element-da6afb2 elementor-widget elementor-widget-html\" data-id=\"da6afb2\" data-element_type=\"widget\" data-e-type=\"widget\" data-no-translation=\"\" data-widget_type=\"html.default\">\n\t\t\t\t<div class=\"elementor-widget-container\">\n\t\t\t\t\t<style>.embed-container { position: relative; padding-bottom: 56.25%; height: 0; overflow: hidden; max-width: 100%; } .embed-container iframe, .embed-container object, .embed-container embed { position: absolute; top: 0; left: 0; width: 100%; height: 100%; }<\/style><div class='embed-container'><iframe src='https:\/\/app.powerbi.com\/view?r=eyJrIjoiYWJlZjNjZWUtODVkYi00YjIwLWFjY2UtOWJkNDg3NTEzZWNiIiwidCI6Ijk2MzA2ZDU3LTVlYjctNGRjNC1hNWJkLTIyYTBlNWNjMGFhYiIsImMiOjh9' style='border:0'><\/iframe><\/div>\t\t\t\t<\/div>\n\t\t\t\t<\/div>\n\t\t\t\t\t<\/div>\n\t\t\t\t<\/div>\n\t\t<div class=\"elementor-element elementor-element-ed520e1 e-flex e-con-boxed e-con e-parent\" data-id=\"ed520e1\" data-element_type=\"container\" data-e-type=\"container\">\n\t\t\t\t\t<div class=\"e-con-inner\">\n\t\t\t\t\t<\/div>\n\t\t\t\t<\/div>\n\t\t\t\t<\/div>","protected":false},"excerpt":{"rendered":"<p>Cada a\u00f1o,\u00a0decenas de miles de ni\u00f1as y adolescentes en Am\u00e9rica Latina y el Caribe quedan embarazadas contra su voluntad o por otros obst\u00e1culos como la falta de educaci\u00f3n sexual o el acceso a m\u00e9todos de prevenci\u00f3n y se convierten en madres a una edad en que deber\u00edan estar jugando. Muchas de ellas son obligadas a [&hellip;]<\/p>\n","protected":false},"author":2,"featured_media":0,"parent":0,"menu_order":0,"comment_status":"closed","ping_status":"closed","template":"elementor_header_footer","meta":{"nf_dc_page":"","footnotes":""},"class_list":["post-121","page","type-page","status-publish","hentry"],"jetpack_sharing_enabled":true,"_links":{"self":[{"href":"https:\/\/realidaddelasninas.org\/en\/wp-json\/wp\/v2\/pages\/121","targetHints":{"allow":["GET"]}}],"collection":[{"href":"https:\/\/realidaddelasninas.org\/en\/wp-json\/wp\/v2\/pages"}],"about":[{"href":"https:\/\/realidaddelasninas.org\/en\/wp-json\/wp\/v2\/types\/page"}],"author":[{"embeddable":true,"href":"https:\/\/realidaddelasninas.org\/en\/wp-json\/wp\/v2\/users\/2"}],"replies":[{"embeddable":true,"href":"https:\/\/realidaddelasninas.org\/en\/wp-json\/wp\/v2\/comments?post=121"}],"version-history":[{"count":5,"href":"https:\/\/realidaddelasninas.org\/en\/wp-json\/wp\/v2\/pages\/121\/revisions"}],"predecessor-version":[{"id":222,"href":"https:\/\/realidaddelasninas.org\/en\/wp-json\/wp\/v2\/pages\/121\/revisions\/222"}],"wp:attachment":[{"href":"https:\/\/realidaddelasninas.org\/en\/wp-json\/wp\/v2\/media?parent=121"}],"curies":[{"name":"wp","href":"https:\/\/api.w.org\/{rel}","templated":true}]}}