{"id":160,"date":"2024-07-31T21:59:32","date_gmt":"2024-08-01T03:59:32","guid":{"rendered":"https:\/\/observatorio.plan-roa.org\/?page_id=160"},"modified":"2024-07-31T22:04:42","modified_gmt":"2024-08-01T04:04:42","slug":"matrimonios-y-uniones-forzadas","status":"publish","type":"page","link":"https:\/\/realidaddelasninas.org\/en\/matrimonios-y-uniones-forzadas\/","title":{"rendered":"Forced marriages and unions"},"content":{"rendered":"<div data-elementor-type=\"wp-page\" data-elementor-id=\"160\" class=\"elementor elementor-160\" data-elementor-post-type=\"page\">\n\t\t\t\t<div class=\"elementor-element elementor-element-eea2d4c e-flex e-con-boxed e-con e-parent\" data-id=\"eea2d4c\" data-element_type=\"container\" data-e-type=\"container\" data-settings=\"{&quot;background_background&quot;:&quot;classic&quot;}\">\n\t\t\t\t\t<div class=\"e-con-inner\">\n\t\t\t\t\t<\/div>\n\t\t\t\t<\/div>\n\t\t<div class=\"elementor-element elementor-element-631da3bb e-flex e-con-boxed e-con e-parent\" data-id=\"631da3bb\" data-element_type=\"container\" data-e-type=\"container\">\n\t\t\t\t\t<div class=\"e-con-inner\">\n\t\t\t\t<div class=\"elementor-element elementor-element-749fd951 elementor-widget elementor-widget-spacer\" data-id=\"749fd951\" data-element_type=\"widget\" data-e-type=\"widget\" data-widget_type=\"spacer.default\">\n\t\t\t\t<div class=\"elementor-widget-container\">\n\t\t\t\t\t\t\t<div class=\"elementor-spacer\">\n\t\t\t<div class=\"elementor-spacer-inner\"><\/div>\n\t\t<\/div>\n\t\t\t\t\t\t<\/div>\n\t\t\t\t<\/div>\n\t\t\t\t<div class=\"elementor-element elementor-element-2e4e0f1 elementor-widget elementor-widget-post-navigation\" data-id=\"2e4e0f1\" data-element_type=\"widget\" data-e-type=\"widget\" data-widget_type=\"post-navigation.default\">\n\t\t\t\t<div class=\"elementor-widget-container\">\n\t\t\t\t\t\t\t<div class=\"elementor-post-navigation\">\n\t\t\t<div class=\"elementor-post-navigation__prev elementor-post-navigation__link\">\n\t\t\t\t<a href=\"https:\/\/realidaddelasninas.org\/en\/embarazo-temprano\/\" rel=\"prev\"><span class=\"post-navigation__arrow-wrapper post-navigation__arrow-prev\"><i class=\"fa fa-angle-double-left\" aria-hidden=\"true\"><\/i><span class=\"elementor-screen-only\">Prev<\/span><\/span><span class=\"elementor-post-navigation__link__prev\"><span class=\"post-navigation__prev--title\">Pregnancy in adolescent girls in the Americas<\/span><\/span><\/a>\t\t\t<\/div>\n\t\t\t\t\t\t<div class=\"elementor-post-navigation__next elementor-post-navigation__link\">\n\t\t\t\t<a href=\"https:\/\/realidaddelasninas.org\/en\/violencia-basada-en-genero\/\" rel=\"next\"><span class=\"elementor-post-navigation__link__next\"><span class=\"post-navigation__next--title\">Gender-based violence<\/span><\/span><span class=\"post-navigation__arrow-wrapper post-navigation__arrow-next\"><i class=\"fa fa-angle-double-right\" aria-hidden=\"true\"><\/i><span class=\"elementor-screen-only\">Next<\/span><\/span><\/a>\t\t\t<\/div>\n\t\t<\/div>\n\t\t\t\t\t\t<\/div>\n\t\t\t\t<\/div>\n\t\t\t\t<div class=\"elementor-element elementor-element-3ac9fa7a elementor-widget elementor-widget-spacer\" data-id=\"3ac9fa7a\" data-element_type=\"widget\" data-e-type=\"widget\" data-widget_type=\"spacer.default\">\n\t\t\t\t<div class=\"elementor-widget-container\">\n\t\t\t\t\t\t\t<div class=\"elementor-spacer\">\n\t\t\t<div class=\"elementor-spacer-inner\"><\/div>\n\t\t<\/div>\n\t\t\t\t\t\t<\/div>\n\t\t\t\t<\/div>\n\t\t\t\t<div class=\"elementor-element elementor-element-3110bf7f elementor-widget elementor-widget-text-editor\" data-id=\"3110bf7f\" data-element_type=\"widget\" data-e-type=\"widget\" data-widget_type=\"text-editor.default\">\n\t\t\t\t<div class=\"elementor-widget-container\">\n\t\t\t\t\t\t\t\t\t<p>The term \"child, early and forced marriage\" has been accepted in United Nations (UN) documents to describe the harmful practice of a marriage or union where at least one of the parties is a person under 18 years of age. It is a complex term and includes several aggravating conditions:<\/p><p>The term '<strong>children's<\/strong>\u00a0refers to marriages and unions that take place before the age of 18, the end of childhood according to the Convention on the Rights of the Child (CRC). The term '<strong>Early'.\u00a0<\/strong>refers to the fact that for adolescent girls who marry, the timing of their entry into marriage or union is problematic; for example, it competes with their schooling or physical development.<\/p><p>We say '<strong>forced'.<\/strong>\u00a0to highlight the structural inequalities that drive MUITF around the world, the conditions that determine whether a marriage or union is truly a \"choice\": the low expectations for girls, the domestic work and control they experience in their natal homes, and the limited commitment to their schooling. In addition, their marriages and unions take place with men who are often older, more experienced, more educated and have better economic prospects, resulting in girls living a life of marital inequality and even violence.<\/p><p>In our region we add the word\u00a0<strong>unions<\/strong>\u00a0to the concept to reflect informal marriages or free unions that are customary and equivalent to marriage. In Latin America and the Caribbean, the term marriage should be understood to include unions that are not formalized by religious institutions or the state.<\/p><p>Hence, the term used by Plan is: Child, Early and Forced Marriage and Union (CEFMU)<\/p><p>Plan International condemns the practice of child, early and forced marriage and unions, which is a violation of human rights, a harmful practice and a form of gender-based violence.<\/p><p>Plan International argues that, given its multiple causes and consequences, ending CEFMU requires a multi-sectoral and coordinated approach to prevention and response. Action to eliminate MUITF must involve strong commitment, funding and concerted action by stakeholders at multiple levels, including individual, family, community, national, regional and international, as well as strategies to address the harmful gender norms that continue to drive the practice of CEFMU.<\/p>\t\t\t\t\t\t\t\t<\/div>\n\t\t\t\t<\/div>\n\t\t\t\t\t<\/div>\n\t\t\t\t<\/div>\n\t\t<div class=\"elementor-element elementor-element-24728a42 e-flex e-con-boxed e-con e-parent\" data-id=\"24728a42\" data-element_type=\"container\" data-e-type=\"container\">\n\t\t\t\t\t<div class=\"e-con-inner\">\n\t\t\t\t<div class=\"elementor-element elementor-element-4b2d0919 elementor-widget elementor-widget-heading\" data-id=\"4b2d0919\" data-element_type=\"widget\" data-e-type=\"widget\" data-widget_type=\"heading.default\">\n\t\t\t\t<div class=\"elementor-widget-container\">\n\t\t\t\t\t<h2 class=\"elementor-heading-title elementor-size-default\">Data:<\/h2>\t\t\t\t<\/div>\n\t\t\t\t<\/div>\n\t\t\t\t<div class=\"elementor-element elementor-element-7b5789b1 elementor-widget elementor-widget-spacer\" data-id=\"7b5789b1\" data-element_type=\"widget\" data-e-type=\"widget\" data-widget_type=\"spacer.default\">\n\t\t\t\t<div class=\"elementor-widget-container\">\n\t\t\t\t\t\t\t<div class=\"elementor-spacer\">\n\t\t\t<div class=\"elementor-spacer-inner\"><\/div>\n\t\t<\/div>\n\t\t\t\t\t\t<\/div>\n\t\t\t\t<\/div>\n\t\t\t\t<div class=\"elementor-element elementor-element-559d93ed elementor-widget elementor-widget-heading\" data-id=\"559d93ed\" data-element_type=\"widget\" data-e-type=\"widget\" data-widget_type=\"heading.default\">\n\t\t\t\t<div class=\"elementor-widget-container\">\n\t\t\t\t\t<h2 class=\"elementor-heading-title elementor-size-default\">CHILD, EARLY AND FORCED MARRIAGE AND UNION IN THE AMERICAS<\/h2>\t\t\t\t<\/div>\n\t\t\t\t<\/div>\n\t\t\t\t<div class=\"elementor-element elementor-element-4c53c2ff elementor-widget elementor-widget-html\" data-id=\"4c53c2ff\" data-element_type=\"widget\" data-e-type=\"widget\" data-widget_type=\"html.default\">\n\t\t\t\t<div class=\"elementor-widget-container\">\n\t\t\t\t\t<style>.embed-container { position: relative; padding-bottom: 56.25%; height: 0; overflow: hidden; max-width: 100%; } .embed-container iframe, .embed-container object, .embed-container embed { position: absolute; top: 0; left: 0; width: 100%; height: 100%; }<\/style><div class='embed-container'><iframe src='https:\/\/app.powerbi.com\/view?r=eyJrIjoiZmZlZTEyYzctMzA1OC00YjdhLTljMjktMGM4N2FkOTNlNDQ5IiwidCI6Ijk2MzA2ZDU3LTVlYjctNGRjNC1hNWJkLTIyYTBlNWNjMGFhYiIsImMiOjh9&pageName=ReportSectioncc1b48458d2ddc08605a' style='border:0'><\/iframe><\/div>\t\t\t\t<\/div>\n\t\t\t\t<\/div>\n\t\t\t\t\t<\/div>\n\t\t\t\t<\/div>\n\t\t\t\t<\/div>","protected":false},"excerpt":{"rendered":"<p>\u200bEl t\u00e9rmino \u201cmatrimonio infantil, temprano y forzado&#8221;, ha sido aceptado en los documentos de Naciones Unidas (ONU) para describir la pr\u00e1ctica nociva en donde se da un matrimonio o uni\u00f3n donde al menos una de las partes es una persona menor de 18 a\u00f1os. Es un t\u00e9rmino complejo ya incluye varios condiciones que lo agravan: [&hellip;]<\/p>\n","protected":false},"author":2,"featured_media":0,"parent":0,"menu_order":0,"comment_status":"closed","ping_status":"closed","template":"elementor_header_footer","meta":{"nf_dc_page":"","footnotes":""},"class_list":["post-160","page","type-page","status-publish","hentry"],"jetpack_sharing_enabled":true,"_links":{"self":[{"href":"https:\/\/realidaddelasninas.org\/en\/wp-json\/wp\/v2\/pages\/160","targetHints":{"allow":["GET"]}}],"collection":[{"href":"https:\/\/realidaddelasninas.org\/en\/wp-json\/wp\/v2\/pages"}],"about":[{"href":"https:\/\/realidaddelasninas.org\/en\/wp-json\/wp\/v2\/types\/page"}],"author":[{"embeddable":true,"href":"https:\/\/realidaddelasninas.org\/en\/wp-json\/wp\/v2\/users\/2"}],"replies":[{"embeddable":true,"href":"https:\/\/realidaddelasninas.org\/en\/wp-json\/wp\/v2\/comments?post=160"}],"version-history":[{"count":4,"href":"https:\/\/realidaddelasninas.org\/en\/wp-json\/wp\/v2\/pages\/160\/revisions"}],"predecessor-version":[{"id":173,"href":"https:\/\/realidaddelasninas.org\/en\/wp-json\/wp\/v2\/pages\/160\/revisions\/173"}],"wp:attachment":[{"href":"https:\/\/realidaddelasninas.org\/en\/wp-json\/wp\/v2\/media?parent=160"}],"curies":[{"name":"wp","href":"https:\/\/api.w.org\/{rel}","templated":true}]}}