{"id":162,"date":"2024-07-31T21:59:59","date_gmt":"2024-08-01T03:59:59","guid":{"rendered":"https:\/\/observatorio.plan-roa.org\/?page_id=162"},"modified":"2024-07-31T22:08:12","modified_gmt":"2024-08-01T04:08:12","slug":"violencia-basada-en-genero","status":"publish","type":"page","link":"https:\/\/realidaddelasninas.org\/en\/violencia-basada-en-genero\/","title":{"rendered":"Gender-based violence"},"content":{"rendered":"<div data-elementor-type=\"wp-page\" data-elementor-id=\"162\" class=\"elementor elementor-162\" data-elementor-post-type=\"page\">\n\t\t\t\t<div class=\"elementor-element elementor-element-7b586fe0 e-flex e-con-boxed e-con e-parent\" data-id=\"7b586fe0\" data-element_type=\"container\" data-e-type=\"container\" data-settings=\"{&quot;background_background&quot;:&quot;classic&quot;}\">\n\t\t\t\t\t<div class=\"e-con-inner\">\n\t\t\t\t\t<\/div>\n\t\t\t\t<\/div>\n\t\t<div class=\"elementor-element elementor-element-3accab1e e-flex e-con-boxed e-con e-parent\" data-id=\"3accab1e\" data-element_type=\"container\" data-e-type=\"container\">\n\t\t\t\t\t<div class=\"e-con-inner\">\n\t\t\t\t<div class=\"elementor-element elementor-element-6af8a4fe elementor-widget elementor-widget-spacer\" data-id=\"6af8a4fe\" data-element_type=\"widget\" data-e-type=\"widget\" data-widget_type=\"spacer.default\">\n\t\t\t\t<div class=\"elementor-widget-container\">\n\t\t\t\t\t\t\t<div class=\"elementor-spacer\">\n\t\t\t<div class=\"elementor-spacer-inner\"><\/div>\n\t\t<\/div>\n\t\t\t\t\t\t<\/div>\n\t\t\t\t<\/div>\n\t\t\t\t<div class=\"elementor-element elementor-element-7d9b9255 elementor-widget elementor-widget-post-navigation\" data-id=\"7d9b9255\" data-element_type=\"widget\" data-e-type=\"widget\" data-widget_type=\"post-navigation.default\">\n\t\t\t\t<div class=\"elementor-widget-container\">\n\t\t\t\t\t\t\t<div class=\"elementor-post-navigation\">\n\t\t\t<div class=\"elementor-post-navigation__prev elementor-post-navigation__link\">\n\t\t\t\t<a href=\"https:\/\/realidaddelasninas.org\/en\/matrimonios-y-uniones-forzadas\/\" rel=\"prev\"><span class=\"post-navigation__arrow-wrapper post-navigation__arrow-prev\"><i class=\"fa fa-angle-double-left\" aria-hidden=\"true\"><\/i><span class=\"elementor-screen-only\">Prev<\/span><\/span><span class=\"elementor-post-navigation__link__prev\"><span class=\"post-navigation__prev--title\">Forced marriages and unions<\/span><\/span><\/a>\t\t\t<\/div>\n\t\t\t\t\t\t<div class=\"elementor-post-navigation__next elementor-post-navigation__link\">\n\t\t\t\t<a href=\"https:\/\/realidaddelasninas.org\/en\/educacion\/\" rel=\"next\"><span class=\"elementor-post-navigation__link__next\"><span class=\"post-navigation__next--title\">Education<\/span><\/span><span class=\"post-navigation__arrow-wrapper post-navigation__arrow-next\"><i class=\"fa fa-angle-double-right\" aria-hidden=\"true\"><\/i><span class=\"elementor-screen-only\">Next<\/span><\/span><\/a>\t\t\t<\/div>\n\t\t<\/div>\n\t\t\t\t\t\t<\/div>\n\t\t\t\t<\/div>\n\t\t\t\t<div class=\"elementor-element elementor-element-12c6292a elementor-widget elementor-widget-spacer\" data-id=\"12c6292a\" data-element_type=\"widget\" data-e-type=\"widget\" data-widget_type=\"spacer.default\">\n\t\t\t\t<div class=\"elementor-widget-container\">\n\t\t\t\t\t\t\t<div class=\"elementor-spacer\">\n\t\t\t<div class=\"elementor-spacer-inner\"><\/div>\n\t\t<\/div>\n\t\t\t\t\t\t<\/div>\n\t\t\t\t<\/div>\n\t\t\t\t<div class=\"elementor-element elementor-element-256757b3 elementor-widget elementor-widget-text-editor\" data-id=\"256757b3\" data-element_type=\"widget\" data-e-type=\"widget\" data-widget_type=\"text-editor.default\">\n\t\t\t\t<div class=\"elementor-widget-container\">\n\t\t\t\t\t\t\t\t\t<p>Plan defines gender-based violence (GBV) as an umbrella term for any act perpetrated against a person's will that is based on socially ascribed (i.e., gender) differences between men and women. It includes acts that inflict mental or sexual harm or suffering, the threat of such acts, coercion, and other deprivations of liberty. These acts may occur in public or in private.<\/p><p>Violence against girls and violence against women intersect on many levels. There are many common risk factors, social and gender norms that justify violence permeate both forms of violence and usually occur in the family itself.<\/p><p>For Plan, violence against girls and women by an intimate partner or husband is the most common of all forms of gender-based violence. As they get older, girls are at greater risk of sexual violence. Other forms of violence against girls include Child, Early and Forced Marriage and Union (CEFMU), sexual abuse, trafficking and smuggling for sexual exploitation, and sexual harassment.<\/p>\t\t\t\t\t\t\t\t<\/div>\n\t\t\t\t<\/div>\n\t\t\t\t\t<\/div>\n\t\t\t\t<\/div>\n\t\t<div class=\"elementor-element elementor-element-26995277 e-flex e-con-boxed e-con e-parent\" data-id=\"26995277\" data-element_type=\"container\" data-e-type=\"container\">\n\t\t\t\t\t<div class=\"e-con-inner\">\n\t\t\t\t<div class=\"elementor-element elementor-element-203a06fe elementor-widget elementor-widget-heading\" data-id=\"203a06fe\" data-element_type=\"widget\" data-e-type=\"widget\" data-widget_type=\"heading.default\">\n\t\t\t\t<div class=\"elementor-widget-container\">\n\t\t\t\t\t<h2 class=\"elementor-heading-title elementor-size-default\">Data:<\/h2>\t\t\t\t<\/div>\n\t\t\t\t<\/div>\n\t\t\t\t<div class=\"elementor-element elementor-element-1343f036 elementor-widget elementor-widget-spacer\" data-id=\"1343f036\" data-element_type=\"widget\" data-e-type=\"widget\" data-widget_type=\"spacer.default\">\n\t\t\t\t<div class=\"elementor-widget-container\">\n\t\t\t\t\t\t\t<div class=\"elementor-spacer\">\n\t\t\t<div class=\"elementor-spacer-inner\"><\/div>\n\t\t<\/div>\n\t\t\t\t\t\t<\/div>\n\t\t\t\t<\/div>\n\t\t\t\t<div class=\"elementor-element elementor-element-200a6410 elementor-widget elementor-widget-heading\" data-id=\"200a6410\" data-element_type=\"widget\" data-e-type=\"widget\" data-widget_type=\"heading.default\">\n\t\t\t\t<div class=\"elementor-widget-container\">\n\t\t\t\t\t<h2 class=\"elementor-heading-title elementor-size-default\">GENDER-BASED VIOLENCE IN THE AMERICAS<\/h2>\t\t\t\t<\/div>\n\t\t\t\t<\/div>\n\t\t\t\t<div class=\"elementor-element elementor-element-4a8a6fa elementor-widget elementor-widget-html\" data-id=\"4a8a6fa\" data-element_type=\"widget\" data-e-type=\"widget\" data-widget_type=\"html.default\">\n\t\t\t\t<div class=\"elementor-widget-container\">\n\t\t\t\t\t<style>.embed-container { position: relative; padding-bottom: 56.25%; height: 0; overflow: hidden; max-width: 100%; } .embed-container iframe, .embed-container object, .embed-container embed { position: absolute; top: 0; left: 0; width: 100%; height: 100%; }<\/style><div class='embed-container'><iframe src='https:\/\/app.powerbi.com\/view?r=eyJrIjoiMmIwODI4NTEtODNjZC00YmNjLTgxOGYtMDRkNTk3YWJiN2M2IiwidCI6Ijk2MzA2ZDU3LTVlYjctNGRjNC1hNWJkLTIyYTBlNWNjMGFhYiIsImMiOjh9' style='border:0'><\/iframe><\/div>\t\t\t\t<\/div>\n\t\t\t\t<\/div>\n\t\t\t\t\t<\/div>\n\t\t\t\t<\/div>\n\t\t\t\t<\/div>","protected":false},"excerpt":{"rendered":"<p>Plan define la violencia Basada en G\u00e9nero (VBG) como un t\u00e9rmino sombrilla para todo acto perpetrado contra la voluntad de una persona y que se basa en diferencias atribuidas socialmente (es decir, de g\u00e9nero) entre hombres y mujeres. Incluye actos que infligen da\u00f1o o sufrimiento mental o sexual, la amenaza de dichos actos, la coerci\u00f3n, [&hellip;]<\/p>\n","protected":false},"author":2,"featured_media":0,"parent":0,"menu_order":0,"comment_status":"closed","ping_status":"closed","template":"elementor_header_footer","meta":{"nf_dc_page":"","footnotes":""},"class_list":["post-162","page","type-page","status-publish","hentry"],"jetpack_sharing_enabled":true,"_links":{"self":[{"href":"https:\/\/realidaddelasninas.org\/en\/wp-json\/wp\/v2\/pages\/162","targetHints":{"allow":["GET"]}}],"collection":[{"href":"https:\/\/realidaddelasninas.org\/en\/wp-json\/wp\/v2\/pages"}],"about":[{"href":"https:\/\/realidaddelasninas.org\/en\/wp-json\/wp\/v2\/types\/page"}],"author":[{"embeddable":true,"href":"https:\/\/realidaddelasninas.org\/en\/wp-json\/wp\/v2\/users\/2"}],"replies":[{"embeddable":true,"href":"https:\/\/realidaddelasninas.org\/en\/wp-json\/wp\/v2\/comments?post=162"}],"version-history":[{"count":4,"href":"https:\/\/realidaddelasninas.org\/en\/wp-json\/wp\/v2\/pages\/162\/revisions"}],"predecessor-version":[{"id":177,"href":"https:\/\/realidaddelasninas.org\/en\/wp-json\/wp\/v2\/pages\/162\/revisions\/177"}],"wp:attachment":[{"href":"https:\/\/realidaddelasninas.org\/en\/wp-json\/wp\/v2\/media?parent=162"}],"curies":[{"name":"wp","href":"https:\/\/api.w.org\/{rel}","templated":true}]}}