{"id":121,"date":"2024-07-31T21:36:40","date_gmt":"2024-08-01T03:36:40","guid":{"rendered":"https:\/\/observatorio.plan-roa.org\/?page_id=121"},"modified":"2024-07-31T22:42:52","modified_gmt":"2024-08-01T04:42:52","slug":"embarazo-temprano","status":"publish","type":"page","link":"https:\/\/realidaddelasninas.org\/es\/embarazo-temprano\/","title":{"rendered":"Embarazo en ni\u00f1as adolecentes en las Am\u00e9ricas"},"content":{"rendered":"\t\t<div data-elementor-type=\"wp-page\" data-elementor-id=\"121\" class=\"elementor elementor-121\" data-elementor-post-type=\"page\">\n\t\t\t\t<div class=\"elementor-element elementor-element-4c8c7e0 e-flex e-con-boxed e-con e-parent\" data-id=\"4c8c7e0\" data-element_type=\"container\" data-e-type=\"container\" data-settings=\"{&quot;background_background&quot;:&quot;classic&quot;}\">\n\t\t\t\t\t<div class=\"e-con-inner\">\n\t\t\t\t\t<\/div>\n\t\t\t\t<\/div>\n\t\t<div class=\"elementor-element elementor-element-9be8b24 e-flex e-con-boxed e-con e-parent\" data-id=\"9be8b24\" data-element_type=\"container\" data-e-type=\"container\">\n\t\t\t\t\t<div class=\"e-con-inner\">\n\t\t\t\t<div class=\"elementor-element elementor-element-de130a1 elementor-widget elementor-widget-spacer\" data-id=\"de130a1\" data-element_type=\"widget\" data-e-type=\"widget\" data-widget_type=\"spacer.default\">\n\t\t\t\t<div class=\"elementor-widget-container\">\n\t\t\t\t\t\t\t<div class=\"elementor-spacer\">\n\t\t\t<div class=\"elementor-spacer-inner\"><\/div>\n\t\t<\/div>\n\t\t\t\t\t\t<\/div>\n\t\t\t\t<\/div>\n\t\t\t\t<div class=\"elementor-element elementor-element-1db63e3 elementor-widget elementor-widget-post-navigation\" data-id=\"1db63e3\" data-element_type=\"widget\" data-e-type=\"widget\" data-widget_type=\"post-navigation.default\">\n\t\t\t\t<div class=\"elementor-widget-container\">\n\t\t\t\t\t\t\t<div class=\"elementor-post-navigation\">\n\t\t\t<div class=\"elementor-post-navigation__prev elementor-post-navigation__link\">\n\t\t\t\t<a href=\"https:\/\/realidaddelasninas.org\/es\/\" rel=\"prev\"><span class=\"post-navigation__arrow-wrapper post-navigation__arrow-prev\"><i class=\"fa fa-angle-double-left\" aria-hidden=\"true\"><\/i><span class=\"elementor-screen-only\">Prev<\/span><\/span><span class=\"elementor-post-navigation__link__prev\"><span class=\"post-navigation__prev--title\">Observatorio<\/span><\/span><\/a>\t\t\t<\/div>\n\t\t\t\t\t\t<div class=\"elementor-post-navigation__next elementor-post-navigation__link\">\n\t\t\t\t<a href=\"https:\/\/realidaddelasninas.org\/es\/matrimonios-y-uniones-forzadas\/\" rel=\"next\"><span class=\"elementor-post-navigation__link__next\"><span class=\"post-navigation__next--title\">Matrimonios y uniones forzadas<\/span><\/span><span class=\"post-navigation__arrow-wrapper post-navigation__arrow-next\"><i class=\"fa fa-angle-double-right\" aria-hidden=\"true\"><\/i><span class=\"elementor-screen-only\">Next<\/span><\/span><\/a>\t\t\t<\/div>\n\t\t<\/div>\n\t\t\t\t\t\t<\/div>\n\t\t\t\t<\/div>\n\t\t\t\t<div class=\"elementor-element elementor-element-cde18c8 elementor-widget elementor-widget-spacer\" data-id=\"cde18c8\" data-element_type=\"widget\" data-e-type=\"widget\" data-widget_type=\"spacer.default\">\n\t\t\t\t<div class=\"elementor-widget-container\">\n\t\t\t\t\t\t\t<div class=\"elementor-spacer\">\n\t\t\t<div class=\"elementor-spacer-inner\"><\/div>\n\t\t<\/div>\n\t\t\t\t\t\t<\/div>\n\t\t\t\t<\/div>\n\t\t\t\t<div class=\"elementor-element elementor-element-44f2ab5 elementor-widget elementor-widget-text-editor\" data-id=\"44f2ab5\" data-element_type=\"widget\" data-e-type=\"widget\" data-widget_type=\"text-editor.default\">\n\t\t\t\t<div class=\"elementor-widget-container\">\n\t\t\t\t\t\t\t\t\t<p>Cada a\u00f1o,\u00a0decenas de miles de ni\u00f1as y adolescentes en Am\u00e9rica Latina y el Caribe quedan embarazadas contra su voluntad o por otros obst\u00e1culos como la falta de educaci\u00f3n sexual o el acceso a m\u00e9todos de prevenci\u00f3n y se convierten en madres a una edad en que deber\u00edan estar jugando. Muchas de ellas son obligadas a continuar el embarazo debido a legislaciones restrictivas; presiones familiares, sociales o estatales.<\/p><p>Para comprender y dar respuestas contundentes para prevenir los embarazos forzados en ni\u00f1as y embarazos en adolescentes es importante comprender sus dimensiones:<\/p><p><strong>El embarazo infantil forzado:<\/strong>\u00a0 Tiene lugar cuando una ni\u00f1a (menor de 14 a\u00f1os) queda embarazada sin haberlo buscado o deseado y se le niega, dificulta, demora u obstaculiza la interrupci\u00f3n del embarazo. Obligar a una ni\u00f1a que no ha terminado de crecer a llevar a t\u00e9rmino un embarazo, ser madre y criar a un beb\u00e9 debe ser considerado tortura o trato cruel, inhumano y degradante, seg\u00fan los casos, en los t\u00e9rminos de la Convenci\u00f3n de la Tortura y otros tratos o penas crueles, inhumanos o degradantes y del Pacto Internacional de Derechos Civiles y Pol\u00edticos\u00a0<em>(<\/em><em>Ni\u00f1as Madres. Embarazo y maternidad infantil forzada en Am\u00e9rica Latina y el Caribe, CLADEM 2016)<\/em>.<\/p><p><strong>El embarazo adolescentes<\/strong>: es el embarazo que se produce en ni\u00f1as entre 15 a 19 a\u00f1os. \u00a0\u00a0\u00a0Estos embarazos se pueden producir por diferentes factores, pueden ser por falta de acceso a m\u00e9todos anticonceptivos, por falta de acceso a Educaci\u00f3n Integral en Sexualidad e incluso muchos se deben a violencia sexual.<\/p><p>El embarazo forzado en ni\u00f1as, embarazo adolescente y la maternidad temprana, configuran uno de los mayores desaf\u00edos sociales, pol\u00edticos y econ\u00f3micos para los pa\u00edses de Am\u00e9rica Latina y el Caribe. Cuando una ni\u00f1a y\/o adolescente se convierte en madre, sus derechos sexuales y reproductivos, y sus derechos a la salud, educaci\u00f3n, entre otros, se ven vulnerados a corto plazo. Con consecuencias que afectan su potencial de desarrollo a mediano y largo plazo quedando atrapadas en la pobreza y exclusi\u00f3n.<\/p>\t\t\t\t\t\t\t\t<\/div>\n\t\t\t\t<\/div>\n\t\t\t\t\t<\/div>\n\t\t\t\t<\/div>\n\t\t<div class=\"elementor-element elementor-element-1932919 e-flex e-con-boxed e-con e-parent\" data-id=\"1932919\" data-element_type=\"container\" data-e-type=\"container\">\n\t\t\t\t\t<div class=\"e-con-inner\">\n\t\t\t\t<div class=\"elementor-element elementor-element-7389c0d elementor-widget elementor-widget-heading\" data-id=\"7389c0d\" data-element_type=\"widget\" data-e-type=\"widget\" data-widget_type=\"heading.default\">\n\t\t\t\t<div class=\"elementor-widget-container\">\n\t\t\t\t\t<h2 class=\"elementor-heading-title elementor-size-default\">Datos:<\/h2>\t\t\t\t<\/div>\n\t\t\t\t<\/div>\n\t\t\t\t<div class=\"elementor-element elementor-element-d03a6e8 elementor-widget elementor-widget-spacer\" data-id=\"d03a6e8\" data-element_type=\"widget\" data-e-type=\"widget\" data-widget_type=\"spacer.default\">\n\t\t\t\t<div class=\"elementor-widget-container\">\n\t\t\t\t\t\t\t<div class=\"elementor-spacer\">\n\t\t\t<div class=\"elementor-spacer-inner\"><\/div>\n\t\t<\/div>\n\t\t\t\t\t\t<\/div>\n\t\t\t\t<\/div>\n\t\t\t\t<div class=\"elementor-element elementor-element-51415b4 elementor-widget elementor-widget-heading\" data-id=\"51415b4\" data-element_type=\"widget\" data-e-type=\"widget\" data-widget_type=\"heading.default\">\n\t\t\t\t<div class=\"elementor-widget-container\">\n\t\t\t\t\t<h2 class=\"elementor-heading-title elementor-size-default\">NACIMIENTOS EN LAS AM\u00c9RICAS<\/h2>\t\t\t\t<\/div>\n\t\t\t\t<\/div>\n\t\t\t\t<div class=\"elementor-element elementor-element-6f6828c elementor-widget elementor-widget-html\" data-id=\"6f6828c\" data-element_type=\"widget\" data-e-type=\"widget\" data-widget_type=\"html.default\">\n\t\t\t\t<div class=\"elementor-widget-container\">\n\t\t\t\t\t<style>.embed-container { position: relative; padding-bottom: 56.25%; height: 0; overflow: hidden; max-width: 100%; } .embed-container iframe, .embed-container object, .embed-container embed { position: absolute; top: 0; left: 0; width: 100%; height: 100%; }<\/style><div class='embed-container'><iframe src='https:\/\/app.powerbi.com\/view?r=eyJrIjoiMDk2NDNhOTktMzRkMC00MzNjLWIzMWItMTc4MjA5NjcwMThlIiwidCI6Ijk2MzA2ZDU3LTVlYjctNGRjNC1hNWJkLTIyYTBlNWNjMGFhYiIsImMiOjh9' style='border:0'><\/iframe><\/div>\t\t\t\t<\/div>\n\t\t\t\t<\/div>\n\t\t\t\t<div class=\"elementor-element elementor-element-595f21f elementor-widget elementor-widget-heading\" data-id=\"595f21f\" data-element_type=\"widget\" data-e-type=\"widget\" data-widget_type=\"heading.default\">\n\t\t\t\t<div class=\"elementor-widget-container\">\n\t\t\t\t\t<h2 class=\"elementor-heading-title elementor-size-default\">EMBARAZO EN NI\u00d1AS Y ADOLESCENTES EN LAS AM\u00c9RICAS<\/h2>\t\t\t\t<\/div>\n\t\t\t\t<\/div>\n\t\t\t\t<div class=\"elementor-element elementor-element-9b27492 elementor-widget elementor-widget-html\" data-id=\"9b27492\" data-element_type=\"widget\" data-e-type=\"widget\" data-no-translation=\"\" data-widget_type=\"html.default\">\n\t\t\t\t<div class=\"elementor-widget-container\">\n\t\t\t\t\t<style>.embed-container { position: relative; padding-bottom: 56.25%; height: 0; overflow: hidden; max-width: 100%; } .embed-container iframe, .embed-container object, .embed-container embed { position: absolute; top: 0; left: 0; width: 100%; height: 100%; }<\/style><div class='embed-container'><iframe src='https:\/\/app.powerbi.com\/view?r=eyJrIjoiYWJlZjNjZWUtODVkYi00YjIwLWFjY2UtOWJkNDg3NTEzZWNiIiwidCI6Ijk2MzA2ZDU3LTVlYjctNGRjNC1hNWJkLTIyYTBlNWNjMGFhYiIsImMiOjh9' style='border:0'><\/iframe><\/div>\t\t\t\t<\/div>\n\t\t\t\t<\/div>\n\t\t\t\t<div class=\"elementor-element elementor-element-da6afb2 elementor-widget elementor-widget-html\" data-id=\"da6afb2\" data-element_type=\"widget\" data-e-type=\"widget\" data-no-translation=\"\" data-widget_type=\"html.default\">\n\t\t\t\t<div class=\"elementor-widget-container\">\n\t\t\t\t\t<style>.elementor-element-da6afb2{display:none !important}<\/style>\t\t\t\t<\/div>\n\t\t\t\t<\/div>\n\t\t\t\t\t<\/div>\n\t\t\t\t<\/div>\n\t\t<div class=\"elementor-element elementor-element-ed520e1 e-flex e-con-boxed e-con e-parent\" data-id=\"ed520e1\" data-element_type=\"container\" data-e-type=\"container\">\n\t\t\t\t\t<div class=\"e-con-inner\">\n\t\t\t\t\t<\/div>\n\t\t\t\t<\/div>\n\t\t\t\t<\/div>\n\t\t","protected":false},"excerpt":{"rendered":"<p>Cada a\u00f1o,\u00a0decenas de miles de ni\u00f1as y adolescentes en Am\u00e9rica Latina y el Caribe quedan embarazadas contra su voluntad o por otros obst\u00e1culos como la falta de educaci\u00f3n sexual o el acceso a m\u00e9todos de prevenci\u00f3n y se convierten en madres a una edad en que deber\u00edan estar jugando. Muchas de ellas son obligadas a [&hellip;]<\/p>\n","protected":false},"author":2,"featured_media":0,"parent":0,"menu_order":0,"comment_status":"closed","ping_status":"closed","template":"elementor_header_footer","meta":{"nf_dc_page":"","footnotes":""},"class_list":["post-121","page","type-page","status-publish","hentry"],"jetpack_sharing_enabled":true,"_links":{"self":[{"href":"https:\/\/realidaddelasninas.org\/es\/wp-json\/wp\/v2\/pages\/121","targetHints":{"allow":["GET"]}}],"collection":[{"href":"https:\/\/realidaddelasninas.org\/es\/wp-json\/wp\/v2\/pages"}],"about":[{"href":"https:\/\/realidaddelasninas.org\/es\/wp-json\/wp\/v2\/types\/page"}],"author":[{"embeddable":true,"href":"https:\/\/realidaddelasninas.org\/es\/wp-json\/wp\/v2\/users\/2"}],"replies":[{"embeddable":true,"href":"https:\/\/realidaddelasninas.org\/es\/wp-json\/wp\/v2\/comments?post=121"}],"version-history":[{"count":5,"href":"https:\/\/realidaddelasninas.org\/es\/wp-json\/wp\/v2\/pages\/121\/revisions"}],"predecessor-version":[{"id":222,"href":"https:\/\/realidaddelasninas.org\/es\/wp-json\/wp\/v2\/pages\/121\/revisions\/222"}],"wp:attachment":[{"href":"https:\/\/realidaddelasninas.org\/es\/wp-json\/wp\/v2\/media?parent=121"}],"curies":[{"name":"wp","href":"https:\/\/api.w.org\/{rel}","templated":true}]}}