{"id":160,"date":"2024-07-31T21:59:32","date_gmt":"2024-08-01T03:59:32","guid":{"rendered":"https:\/\/observatorio.plan-roa.org\/?page_id=160"},"modified":"2024-07-31T22:04:42","modified_gmt":"2024-08-01T04:04:42","slug":"matrimonios-y-uniones-forzadas","status":"publish","type":"page","link":"https:\/\/realidaddelasninas.org\/es\/matrimonios-y-uniones-forzadas\/","title":{"rendered":"Matrimonios y uniones forzadas"},"content":{"rendered":"\t\t<div data-elementor-type=\"wp-page\" data-elementor-id=\"160\" class=\"elementor elementor-160\" data-elementor-post-type=\"page\">\n\t\t\t\t<div class=\"elementor-element elementor-element-eea2d4c e-flex e-con-boxed e-con e-parent\" data-id=\"eea2d4c\" data-element_type=\"container\" data-e-type=\"container\" data-settings=\"{&quot;background_background&quot;:&quot;classic&quot;}\">\n\t\t\t\t\t<div class=\"e-con-inner\">\n\t\t\t\t\t<\/div>\n\t\t\t\t<\/div>\n\t\t<div class=\"elementor-element elementor-element-631da3bb e-flex e-con-boxed e-con e-parent\" data-id=\"631da3bb\" data-element_type=\"container\" data-e-type=\"container\">\n\t\t\t\t\t<div class=\"e-con-inner\">\n\t\t\t\t<div class=\"elementor-element elementor-element-749fd951 elementor-widget elementor-widget-spacer\" data-id=\"749fd951\" data-element_type=\"widget\" data-e-type=\"widget\" data-widget_type=\"spacer.default\">\n\t\t\t\t<div class=\"elementor-widget-container\">\n\t\t\t\t\t\t\t<div class=\"elementor-spacer\">\n\t\t\t<div class=\"elementor-spacer-inner\"><\/div>\n\t\t<\/div>\n\t\t\t\t\t\t<\/div>\n\t\t\t\t<\/div>\n\t\t\t\t<div class=\"elementor-element elementor-element-2e4e0f1 elementor-widget elementor-widget-post-navigation\" data-id=\"2e4e0f1\" data-element_type=\"widget\" data-e-type=\"widget\" data-widget_type=\"post-navigation.default\">\n\t\t\t\t<div class=\"elementor-widget-container\">\n\t\t\t\t\t\t\t<div class=\"elementor-post-navigation\">\n\t\t\t<div class=\"elementor-post-navigation__prev elementor-post-navigation__link\">\n\t\t\t\t<a href=\"https:\/\/realidaddelasninas.org\/es\/embarazo-temprano\/\" rel=\"prev\"><span class=\"post-navigation__arrow-wrapper post-navigation__arrow-prev\"><i class=\"fa fa-angle-double-left\" aria-hidden=\"true\"><\/i><span class=\"elementor-screen-only\">Prev<\/span><\/span><span class=\"elementor-post-navigation__link__prev\"><span class=\"post-navigation__prev--title\">Embarazo en ni\u00f1as adolecentes en las Am\u00e9ricas<\/span><\/span><\/a>\t\t\t<\/div>\n\t\t\t\t\t\t<div class=\"elementor-post-navigation__next elementor-post-navigation__link\">\n\t\t\t\t<a href=\"https:\/\/realidaddelasninas.org\/es\/violencia-basada-en-genero\/\" rel=\"next\"><span class=\"elementor-post-navigation__link__next\"><span class=\"post-navigation__next--title\">Violencia basada en g\u00e9nero<\/span><\/span><span class=\"post-navigation__arrow-wrapper post-navigation__arrow-next\"><i class=\"fa fa-angle-double-right\" aria-hidden=\"true\"><\/i><span class=\"elementor-screen-only\">Next<\/span><\/span><\/a>\t\t\t<\/div>\n\t\t<\/div>\n\t\t\t\t\t\t<\/div>\n\t\t\t\t<\/div>\n\t\t\t\t<div class=\"elementor-element elementor-element-3ac9fa7a elementor-widget elementor-widget-spacer\" data-id=\"3ac9fa7a\" data-element_type=\"widget\" data-e-type=\"widget\" data-widget_type=\"spacer.default\">\n\t\t\t\t<div class=\"elementor-widget-container\">\n\t\t\t\t\t\t\t<div class=\"elementor-spacer\">\n\t\t\t<div class=\"elementor-spacer-inner\"><\/div>\n\t\t<\/div>\n\t\t\t\t\t\t<\/div>\n\t\t\t\t<\/div>\n\t\t\t\t<div class=\"elementor-element elementor-element-3110bf7f elementor-widget elementor-widget-text-editor\" data-id=\"3110bf7f\" data-element_type=\"widget\" data-e-type=\"widget\" data-widget_type=\"text-editor.default\">\n\t\t\t\t<div class=\"elementor-widget-container\">\n\t\t\t\t\t\t\t\t\t<p>\u200bEl t\u00e9rmino \u201cmatrimonio infantil, temprano y forzado&#8221;, ha sido aceptado en los documentos de Naciones Unidas (ONU) para describir la pr\u00e1ctica nociva en donde se da un matrimonio o uni\u00f3n donde al menos una de las partes es una persona menor de 18 a\u00f1os. Es un t\u00e9rmino complejo ya incluye varios condiciones que lo agravan:<\/p><p>El t\u00e9rmino &#8216;<strong>infantil&#8217;<\/strong>\u00a0se refiere a los matrimonios y uniones que tienen lugar antes de los 18 a\u00f1os de edad, el final de la infancia seg\u00fan la Convenci\u00f3n sobre los Derechos del Ni\u00f1o\/a (CDN). El t\u00e9rmino &#8216;<strong>Temprano&#8217;\u00a0<\/strong>hace referencia al hecho de que para las adolescentes que se casan, el momento de su ingreso al matrimonio o la uni\u00f3n es problem\u00e1tico; por ejemplo, compite con su escolarizaci\u00f3n o desarrollo f\u00edsico.<\/p><p>Decimos &#8216;<strong>forzado&#8217;<\/strong>\u00a0para resaltar las desigualdades estructurales que impulsan el MUITF en todo el mundo, las condiciones que determinan si un matrimonio o una uni\u00f3n es realmente una \u201celecci\u00f3n&#8221;: las bajas expectativas para las ni\u00f1as, el trabajo dom\u00e9stico y el control que experimentan en sus hogares natales y el compromiso limitado con su escolarizaci\u00f3n. Adem\u00e1s, sus matrimonios y uniones tienen lugar con hombres que suelen ser mayores, m\u00e1s experimentados, poseen m\u00e1s educaci\u00f3n y tienen mejores perspectivas econ\u00f3micas, lo que hace que las ni\u00f1as vivan una vida de desigualdad conyugal e incluso violencia.<\/p><p>En nuestra regi\u00f3n agregamos la palabra\u00a0<strong>uniones<\/strong>\u00a0al concepto para reflejar los matrimonios informales o uniones libres que son habituales y equivalentes al matrimonio. En Latinoam\u00e9rica y el Caribe, el t\u00e9rmino matrimonio debe entenderse que incluye las uniones que no est\u00e1n formalizadas por instituciones religiosas o el Estado.<\/p><p>De ah\u00ed que el t\u00e9rmino utilizado por Plan es: Matrimonios y uniones, infantiles forzadas y tempranas\u00a0 (MUIFT).<\/p><p>Plan International condena la pr\u00e1ctica del matrimonio y las uniones infantiles, tempranas y forzadas, que constituye una violaci\u00f3n de los derechos humanos, una pr\u00e1ctica perjudicial y una forma de violencia de g\u00e9nero.<\/p><p>\u200bPlan International sostiene que, dadas sus m\u00faltiples causas y consecuencias, poner fin al MUITF requiere un enfoque multisectorial y coordinado de prevenci\u00f3n y respuesta. La acci\u00f3n para eliminar el MUITF debe implicar un fuerte compromiso, financiaci\u00f3n y acci\u00f3n concertada de las partes interesadas en m\u00faltiples niveles, incluyendo el individual, familiar, comunitario, nacional, regional e internacional, as\u00ed como estrategias para abordar las normas de g\u00e9nero perjudiciales que siguen impulsando la pr\u00e1ctica del MUITF.\u200b\u200b<\/p>\t\t\t\t\t\t\t\t<\/div>\n\t\t\t\t<\/div>\n\t\t\t\t\t<\/div>\n\t\t\t\t<\/div>\n\t\t<div class=\"elementor-element elementor-element-24728a42 e-flex e-con-boxed e-con e-parent\" data-id=\"24728a42\" data-element_type=\"container\" data-e-type=\"container\">\n\t\t\t\t\t<div class=\"e-con-inner\">\n\t\t\t\t<div class=\"elementor-element elementor-element-4b2d0919 elementor-widget elementor-widget-heading\" data-id=\"4b2d0919\" data-element_type=\"widget\" data-e-type=\"widget\" data-widget_type=\"heading.default\">\n\t\t\t\t<div class=\"elementor-widget-container\">\n\t\t\t\t\t<h2 class=\"elementor-heading-title elementor-size-default\">Datos:<\/h2>\t\t\t\t<\/div>\n\t\t\t\t<\/div>\n\t\t\t\t<div class=\"elementor-element elementor-element-7b5789b1 elementor-widget elementor-widget-spacer\" data-id=\"7b5789b1\" data-element_type=\"widget\" data-e-type=\"widget\" data-widget_type=\"spacer.default\">\n\t\t\t\t<div class=\"elementor-widget-container\">\n\t\t\t\t\t\t\t<div class=\"elementor-spacer\">\n\t\t\t<div class=\"elementor-spacer-inner\"><\/div>\n\t\t<\/div>\n\t\t\t\t\t\t<\/div>\n\t\t\t\t<\/div>\n\t\t\t\t<div class=\"elementor-element elementor-element-559d93ed elementor-widget elementor-widget-heading\" data-id=\"559d93ed\" data-element_type=\"widget\" data-e-type=\"widget\" data-widget_type=\"heading.default\">\n\t\t\t\t<div class=\"elementor-widget-container\">\n\t\t\t\t\t<h2 class=\"elementor-heading-title elementor-size-default\">MATRIMONIOS INFANTILES Y UNIONES TEMPRANAS FORZADAS EN LAS AM\u00c9RICAS<\/h2>\t\t\t\t<\/div>\n\t\t\t\t<\/div>\n\t\t\t\t<div class=\"elementor-element elementor-element-4c53c2ff elementor-widget elementor-widget-html\" data-id=\"4c53c2ff\" data-element_type=\"widget\" data-e-type=\"widget\" data-widget_type=\"html.default\">\n\t\t\t\t<div class=\"elementor-widget-container\">\n\t\t\t\t\t<style>.embed-container { position: relative; padding-bottom: 56.25%; height: 0; overflow: hidden; max-width: 100%; } .embed-container iframe, .embed-container object, .embed-container embed { position: absolute; top: 0; left: 0; width: 100%; height: 100%; }<\/style><div class='embed-container'><iframe src='https:\/\/app.powerbi.com\/view?r=eyJrIjoiZmZlZTEyYzctMzA1OC00YjdhLTljMjktMGM4N2FkOTNlNDQ5IiwidCI6Ijk2MzA2ZDU3LTVlYjctNGRjNC1hNWJkLTIyYTBlNWNjMGFhYiIsImMiOjh9&pageName=ReportSectioncc1b48458d2ddc08605a' style='border:0'><\/iframe><\/div>\t\t\t\t<\/div>\n\t\t\t\t<\/div>\n\t\t\t\t\t<\/div>\n\t\t\t\t<\/div>\n\t\t\t\t<\/div>\n\t\t","protected":false},"excerpt":{"rendered":"<p>\u200bEl t\u00e9rmino \u201cmatrimonio infantil, temprano y forzado&#8221;, ha sido aceptado en los documentos de Naciones Unidas (ONU) para describir la pr\u00e1ctica nociva en donde se da un matrimonio o uni\u00f3n donde al menos una de las partes es una persona menor de 18 a\u00f1os. Es un t\u00e9rmino complejo ya incluye varios condiciones que lo agravan: [&hellip;]<\/p>\n","protected":false},"author":2,"featured_media":0,"parent":0,"menu_order":0,"comment_status":"closed","ping_status":"closed","template":"elementor_header_footer","meta":{"nf_dc_page":"","footnotes":""},"class_list":["post-160","page","type-page","status-publish","hentry"],"jetpack_sharing_enabled":true,"_links":{"self":[{"href":"https:\/\/realidaddelasninas.org\/es\/wp-json\/wp\/v2\/pages\/160","targetHints":{"allow":["GET"]}}],"collection":[{"href":"https:\/\/realidaddelasninas.org\/es\/wp-json\/wp\/v2\/pages"}],"about":[{"href":"https:\/\/realidaddelasninas.org\/es\/wp-json\/wp\/v2\/types\/page"}],"author":[{"embeddable":true,"href":"https:\/\/realidaddelasninas.org\/es\/wp-json\/wp\/v2\/users\/2"}],"replies":[{"embeddable":true,"href":"https:\/\/realidaddelasninas.org\/es\/wp-json\/wp\/v2\/comments?post=160"}],"version-history":[{"count":4,"href":"https:\/\/realidaddelasninas.org\/es\/wp-json\/wp\/v2\/pages\/160\/revisions"}],"predecessor-version":[{"id":173,"href":"https:\/\/realidaddelasninas.org\/es\/wp-json\/wp\/v2\/pages\/160\/revisions\/173"}],"wp:attachment":[{"href":"https:\/\/realidaddelasninas.org\/es\/wp-json\/wp\/v2\/media?parent=160"}],"curies":[{"name":"wp","href":"https:\/\/api.w.org\/{rel}","templated":true}]}}